{"id":1010,"date":"2018-02-21T12:06:54","date_gmt":"2018-02-21T11:06:54","guid":{"rendered":"https:\/\/www.clsprovidentia.org\/contacts\/"},"modified":"2020-09-02T09:51:25","modified_gmt":"2020-09-02T07:51:25","slug":"contacts","status":"publish","type":"page","link":"https:\/\/www.clsprovidentia.org\/en\/contacts\/","title":{"rendered":"Contacts"},"content":{"rendered":"<p>[vc_row css_animation=&#8221;&#8221; row_type=&#8221;row&#8221; use_row_as_full_screen_section=&#8221;no&#8221; type=&#8221;full_width&#8221; angled_section=&#8221;no&#8221; text_align=&#8221;center&#8221; background_image_as_pattern=&#8221;without_pattern&#8221; background_color=&#8221;#4c4a58&#8243; z_index=&#8221;&#8221;][vc_column]<div class=\"custom_font_holder\" style=\"font-family: Montserrat; font-size: 30px; line-height: 30px; font-style: normal; font-weight: 300; color: #ffffff; text-decoration: none; padding: 30px; text-align: center;\">CONTACTS<\/div>[\/vc_column][\/vc_row][vc_row css_animation=&#8221;&#8221; row_type=&#8221;row&#8221; use_row_as_full_screen_section=&#8221;no&#8221; type=&#8221;full_width&#8221; angled_section=&#8221;no&#8221; text_align=&#8221;left&#8221; background_image_as_pattern=&#8221;without_pattern&#8221; padding_top=&#8221;25&#8243; padding_bottom=&#8221;25&#8243; z_index=&#8221;&#8221;][vc_column][vc_column_text]<iframe loading=\"lazy\" style=\"border: 0;\" src=\"https:\/\/www.google.com\/maps\/embed?pb=!1m18!1m12!1m3!1d2789.8088720813444!2d9.038539315777758!3d45.63457573007928!2m3!1f0!2f0!3f0!3m2!1i1024!2i768!4f13.1!3m3!1m2!1s0x4786914f7ad7695d%3A0x458c47fd8c87bfdc!2sFondazione+CLS+-+onlus!5e0!3m2!1sit!2sit!4v1517558122668\" width=\"100%\" height=\"450\" frameborder=\"0\" allowfullscreen=\"allowfullscreen\"><\/iframe>[\/vc_column_text][\/vc_column][\/vc_row][vc_row css_animation=&#8221;&#8221; row_type=&#8221;row&#8221; use_row_as_full_screen_section=&#8221;no&#8221; type=&#8221;grid&#8221; angled_section=&#8221;no&#8221; text_align=&#8221;left&#8221; background_image_as_pattern=&#8221;without_pattern&#8221; css=&#8221;.vc_custom_1516891010621{padding-bottom: 60px !important;}&#8221; z_index=&#8221;&#8221;][vc_column width=&#8221;2\/3&#8243;]<div class=\"custom_font_holder\" style=\"font-family: Montserrat; font-size: 18px; line-height: 26px; font-style: normal; font-weight: 300; color: #ffffff; text-decoration: none; background-color: #4c4a58; padding: 15px; text-align: left;\">Contact Form<\/div>[vc_empty_space height=&#8221;15px&#8221;][vc_column_text]If you wish to be contacted to receive information can fill out the form below.[\/vc_column_text][vc_column_text]<div role=\"form\" class=\"wpcf7\" id=\"wpcf7-f1429-o1\" lang=\"it-IT\" dir=\"ltr\">\n<div class=\"screen-reader-response\"><p role=\"status\" aria-live=\"polite\" aria-atomic=\"true\"><\/p> <ul><\/ul><\/div>\n<form action=\"\/en\/wp-json\/wp\/v2\/pages\/1010#wpcf7-f1429-o1\" method=\"post\" class=\"wpcf7-form init\" novalidate=\"novalidate\" data-status=\"init\">\n<div style=\"display: none;\">\n<input type=\"hidden\" name=\"_wpcf7\" value=\"1429\" \/>\n<input type=\"hidden\" name=\"_wpcf7_version\" value=\"5.4.1\" \/>\n<input type=\"hidden\" name=\"_wpcf7_locale\" value=\"it_IT\" \/>\n<input type=\"hidden\" name=\"_wpcf7_unit_tag\" value=\"wpcf7-f1429-o1\" \/>\n<input type=\"hidden\" name=\"_wpcf7_container_post\" value=\"0\" \/>\n<input type=\"hidden\" name=\"_wpcf7_posted_data_hash\" value=\"\" \/>\n<input type=\"hidden\" name=\"_wpcf7_recaptcha_response\" value=\"\" \/>\n<\/div>\n<p><label> <strong>Nome (obbligatorio)<\/strong><br \/>\n    <span class=\"wpcf7-form-control-wrap your-name\"><input type=\"text\" name=\"your-name\" value=\"\" size=\"40\" class=\"wpcf7-form-control wpcf7-text wpcf7-validates-as-required\" aria-required=\"true\" aria-invalid=\"false\" \/><\/span> <\/label><\/p>\n<p><label> <strong>Cognome<\/strong><br \/>\n    <span class=\"wpcf7-form-control-wrap your-surname\"><input type=\"text\" name=\"your-surname\" value=\"\" size=\"40\" class=\"wpcf7-form-control wpcf7-text\" aria-invalid=\"false\" \/><\/span> <\/label><\/p>\n<p><label> <strong>Mail (obbligatorio)<\/strong><br \/>\n    <span class=\"wpcf7-form-control-wrap your-email\"><input type=\"email\" name=\"your-email\" value=\"\" size=\"40\" class=\"wpcf7-form-control wpcf7-text wpcf7-email wpcf7-validates-as-required wpcf7-validates-as-email\" aria-required=\"true\" aria-invalid=\"false\" \/><\/span> <\/label><\/p>\n<p><label> <strong>Messaggio (obbligatorio)<\/strong><br \/>\n    <span class=\"wpcf7-form-control-wrap your-message\"><textarea name=\"your-message\" cols=\"40\" rows=\"10\" class=\"wpcf7-form-control wpcf7-textarea\" aria-invalid=\"false\"><\/textarea><\/span> <\/label><\/p>\n<p><span class=\"wpcf7-form-control-wrap acceptance-601\"><span class=\"wpcf7-form-control wpcf7-acceptance\"><span class=\"wpcf7-list-item\"><label><input type=\"checkbox\" name=\"acceptance-601\" value=\"1\" aria-invalid=\"false\" \/><span class=\"wpcf7-list-item-label\">Ho preso visione dell'informativa al trattamento dei dati Reg. UE 679\/16 (**)<\/span><\/label><\/span><\/span><\/span><\/p>\n<p><span class=\"wpcf7-form-control-wrap acceptance-602\"><span class=\"wpcf7-form-control wpcf7-acceptance optional\"><span class=\"wpcf7-list-item\"><label><input type=\"checkbox\" name=\"acceptance-602\" value=\"1\" aria-invalid=\"false\" \/><span class=\"wpcf7-list-item-label\">INOLTRE, esprimo consenso all\u2019utilizzo dei miei dati personali per ricevere, alla mail sopra indicata, news e comunicazioni varie riguardanti l\u2019attivit\u00e0 e le iniziative del Titolare. E' fatta salva la possibilit\u00e0 di scegliere liberamente di non spuntare la presente casella, negando, di fatto, il suo consenso per tali finalit\u00e0. Si specifica che, comunque, una volta prestato il consenso mediante spunta della casella, pu\u00f2 revocarlo in ogni momento, inviando mail a info@fondazionecls.org senza che ci\u00f2 abbia alcuna conseguenza sulla possibilit\u00e0 di perseguire le finalit\u00e0 primarie sopra indicate.<\/span><\/label><\/span><\/span><\/span><\/p>\n<p><input type=\"submit\" value=\"Invia Messaggio\" class=\"wpcf7-form-control wpcf7-submit\" \/><\/p>\n<input type='hidden' class='wpcf7-pum' value='{\"closepopup\":false,\"closedelay\":0,\"openpopup\":false,\"openpopup_id\":0}' \/><div class=\"wpcf7-response-output\" aria-hidden=\"true\"><\/div><\/form><\/div>[\/vc_column_text][\/vc_column][vc_column width=&#8221;1\/3&#8243;]<div class=\"custom_font_holder\" style=\"font-family: Montserrat; font-size: 18px; line-height: 26px; font-style: normal; font-weight: 300; color: #ffffff; text-decoration: none; background-color: #4c4a58; padding: 15px; text-align: left;\">Privacy<\/div>[vc_empty_space height=&#8221;15px&#8221;][vc_column_text]Informativa sul trattamento dei dati personali ai sensi del <a href=\"http:\/\/eur-lex.europa.eu\/legal-content\/IT\/TXT\/HTML\/?uri=CELEX:32016R0679&amp;from=IT\" target=\"_blank\" rel=\"noopener noreferrer\">Regolamento (UE) 2016\/679 del Parlamento Europeo(**)<\/a>:<br \/>\nAi sensi del Regolamento (UE) 2016\/679 si dichiara che i dati raccolti hanno la finalit\u00e0 di registrare l&#8217;utente e attivare nei suoi confronti un servizio informativo.<br \/>\nTali dati verranno trattati elettronicamente in conformit\u00e0 con le leggi vigenti (<a title=\"Privacy Policy\" href=\"https:\/\/www.clsprovidentia.org\/en\/privacy-policy\/\">Privacy Policy**<\/a>).[\/vc_column_text][vc_empty_space height=&#8221;50px&#8221;]<div class=\"custom_font_holder\" style=\"font-family: Montserrat; font-size: 18px; line-height: 26px; font-style: normal; font-weight: 300; color: #ffffff; text-decoration: none; background-color: #4c4a58; padding: 15px; text-align: left;\">Project Direction<\/div>[vc_empty_space height=&#8221;15px&#8221;][vc_column_text]<strong>CLS Providentia srl<\/strong><br \/>\nVia Don Volpi, 10<br \/>\nSaronno 21047 (VA), Italy<br \/>\n<strong>Email<\/strong> info@clsprovidentia.org<br \/>\n<strong>Phone<\/strong> +39 02 9625893 (int.5)[\/vc_column_text][vc_empty_space height=&#8221;25px&#8221;]<div class=\"custom_font_holder\" style=\"font-family: Montserrat; font-size: 18px; line-height: 26px; font-style: normal; font-weight: 300; color: #ffffff; text-decoration: none; background-color: #4c4a58; padding: 15px; text-align: left;\">Partnerships<\/div>[vc_empty_space height=&#8221;15px&#8221;][vc_column_text]<strong>Dipartimento De FENS<\/strong><br \/>\n<em>Dept. of Food, Environmental and Nutritional Sciences<\/em><br \/>\nUniversit\u00e0 degli Studi di Milano<br \/>\nVia Mangiagalli, 25<br \/>\nMilan 20133 (MI), Italy<\/p>\n<p><span style=\"color: #c386b5;\"><a style=\"color: #c386b5;\" href=\"http:\/\/www.packlab.unimi.it\/packlab\/website\/\" target=\"_blank\" rel=\"noopener noreferrer\">Website UNIMI<\/a><\/span>[\/vc_column_text][vc_empty_space height=&#8221;15px&#8221;][vc_column_text]<strong>PackLAB<\/strong><br \/>\n<em>Food Packaging Labs of University of Milan<\/em><br \/>\nUniversit\u00e0 degli Studi di Milano<br \/>\nMilan (MI), Italy[\/vc_column_text][vc_empty_space height=&#8221;15px&#8221;][vc_column_text]<strong>Innovhub<\/strong><br \/>\n<em>Experimental station for paper\/cardboard<\/em><br \/>\nVia Giuseppe Colombo, 83<br \/>\nMilan 20133 (MI), Italy[\/vc_column_text][\/vc_column][\/vc_row]<\/p>\n","protected":false},"excerpt":{"rendered":"<p>[vc_row css_animation=&#8221;&#8221; row_type=&#8221;row&#8221; use_row_as_full_screen_section=&#8221;no&#8221; type=&#8221;full_width&#8221; angled_section=&#8221;no&#8221; text_align=&#8221;center&#8221; background_image_as_pattern=&#8221;without_pattern&#8221; background_color=&#8221;#4c4a58&#8243; z_index=&#8221;&#8221;][vc_column][\/vc_column][\/vc_row][vc_row css_animation=&#8221;&#8221; row_type=&#8221;row&#8221; use_row_as_full_screen_section=&#8221;no&#8221; type=&#8221;full_width&#8221; angled_section=&#8221;no&#8221; text_align=&#8221;left&#8221; background_image_as_pattern=&#8221;without_pattern&#8221; padding_top=&#8221;25&#8243; padding_bottom=&#8221;25&#8243; z_index=&#8221;&#8221;][vc_column][vc_column_text][\/vc_column_text][\/vc_column][\/vc_row][vc_row css_animation=&#8221;&#8221; row_type=&#8221;row&#8221; use_row_as_full_screen_section=&#8221;no&#8221; type=&#8221;grid&#8221; angled_section=&#8221;no&#8221; text_align=&#8221;left&#8221; background_image_as_pattern=&#8221;without_pattern&#8221; css=&#8221;.vc_custom_1516891010621{padding-bottom: 60px !important;}&#8221; z_index=&#8221;&#8221;][vc_column width=&#8221;2\/3&#8243;][vc_empty_space height=&#8221;15px&#8221;][vc_column_text]If you wish to be contacted to receive information can fill out the&#8230;<\/p>\n","protected":false},"author":1,"featured_media":0,"parent":0,"menu_order":0,"comment_status":"closed","ping_status":"closed","template":"full_width.php","meta":[],"yoast_head":"<!-- This site is optimized with the Yoast SEO plugin v16.6.1 - https:\/\/yoast.com\/wordpress\/plugins\/seo\/ -->\n<title>Contacts CLS Providentia NanoCellByBiomas<\/title>\n<meta name=\"robots\" content=\"index, follow, max-snippet:-1, max-image-preview:large, max-video-preview:-1\" \/>\n<link rel=\"canonical\" href=\"https:\/\/www.clsprovidentia.org\/en\/contacts\/\" \/>\n<meta property=\"og:locale\" content=\"en_US\" \/>\n<meta property=\"og:type\" content=\"article\" \/>\n<meta property=\"og:title\" content=\"Contacts CLS Providentia NanoCellByBiomas\" \/>\n<meta property=\"og:description\" content=\"[vc_row css_animation=&#8221;&#8221; row_type=&#8221;row&#8221; use_row_as_full_screen_section=&#8221;no&#8221; type=&#8221;full_width&#8221; angled_section=&#8221;no&#8221; text_align=&#8221;center&#8221; background_image_as_pattern=&#8221;without_pattern&#8221; background_color=&#8221;#4c4a58&#8243; z_index=&#8221;&#8221;][vc_column][\/vc_column][\/vc_row][vc_row css_animation=&#8221;&#8221; row_type=&#8221;row&#8221; use_row_as_full_screen_section=&#8221;no&#8221; type=&#8221;full_width&#8221; angled_section=&#8221;no&#8221; text_align=&#8221;left&#8221; background_image_as_pattern=&#8221;without_pattern&#8221; padding_top=&#8221;25&#8243; padding_bottom=&#8221;25&#8243; z_index=&#8221;&#8221;][vc_column][vc_column_text][\/vc_column_text][\/vc_column][\/vc_row][vc_row css_animation=&#8221;&#8221; row_type=&#8221;row&#8221; use_row_as_full_screen_section=&#8221;no&#8221; type=&#8221;grid&#8221; angled_section=&#8221;no&#8221; text_align=&#8221;left&#8221; background_image_as_pattern=&#8221;without_pattern&#8221; css=&#8221;.vc_custom_1516891010621{padding-bottom: 60px !important;}&#8221; z_index=&#8221;&#8221;][vc_column width=&#8221;2\/3&#8243;][vc_empty_space height=&#8221;15px&#8221;][vc_column_text]If you wish to be contacted to receive information can fill out the...\" \/>\n<meta property=\"og:url\" content=\"https:\/\/www.clsprovidentia.org\/en\/contacts\/\" \/>\n<meta property=\"og:site_name\" content=\"CLS Providentia\" \/>\n<meta property=\"article:publisher\" content=\"https:\/\/www.facebook.com\/fondazionecls\" \/>\n<meta property=\"article:modified_time\" content=\"2020-09-02T07:51:25+00:00\" \/>\n<meta name=\"twitter:card\" content=\"summary_large_image\" \/>\n<meta name=\"twitter:label1\" content=\"Est. reading time\" \/>\n\t<meta name=\"twitter:data1\" content=\"3 minutes\" \/>\n<script type=\"application\/ld+json\" class=\"yoast-schema-graph\">{\"@context\":\"https:\/\/schema.org\",\"@graph\":[{\"@type\":\"WebSite\",\"@id\":\"https:\/\/www.clsprovidentia.org\/#website\",\"url\":\"https:\/\/www.clsprovidentia.org\/\",\"name\":\"CLS Providentia\",\"description\":\"produzione nanoparticelle di cellulosa\",\"potentialAction\":[{\"@type\":\"SearchAction\",\"target\":{\"@type\":\"EntryPoint\",\"urlTemplate\":\"https:\/\/www.clsprovidentia.org\/?s={search_term_string}\"},\"query-input\":\"required name=search_term_string\"}],\"inLanguage\":\"en-US\"},{\"@type\":\"WebPage\",\"@id\":\"https:\/\/www.clsprovidentia.org\/en\/contacts\/#webpage\",\"url\":\"https:\/\/www.clsprovidentia.org\/en\/contacts\/\",\"name\":\"Contacts CLS Providentia NanoCellByBiomas\",\"isPartOf\":{\"@id\":\"https:\/\/www.clsprovidentia.org\/#website\"},\"datePublished\":\"2018-02-21T11:06:54+00:00\",\"dateModified\":\"2020-09-02T07:51:25+00:00\",\"breadcrumb\":{\"@id\":\"https:\/\/www.clsprovidentia.org\/en\/contacts\/#breadcrumb\"},\"inLanguage\":\"en-US\",\"potentialAction\":[{\"@type\":\"ReadAction\",\"target\":[\"https:\/\/www.clsprovidentia.org\/en\/contacts\/\"]}]},{\"@type\":\"BreadcrumbList\",\"@id\":\"https:\/\/www.clsprovidentia.org\/en\/contacts\/#breadcrumb\",\"itemListElement\":[{\"@type\":\"ListItem\",\"position\":1,\"name\":\"Home\",\"item\":\"https:\/\/www.clsprovidentia.org\/en\/home\/\"},{\"@type\":\"ListItem\",\"position\":2,\"name\":\"Contacts\"}]}]}<\/script>\n<!-- \/ Yoast SEO plugin. -->","_links":{"self":[{"href":"https:\/\/www.clsprovidentia.org\/en\/wp-json\/wp\/v2\/pages\/1010"}],"collection":[{"href":"https:\/\/www.clsprovidentia.org\/en\/wp-json\/wp\/v2\/pages"}],"about":[{"href":"https:\/\/www.clsprovidentia.org\/en\/wp-json\/wp\/v2\/types\/page"}],"author":[{"embeddable":true,"href":"https:\/\/www.clsprovidentia.org\/en\/wp-json\/wp\/v2\/users\/1"}],"replies":[{"embeddable":true,"href":"https:\/\/www.clsprovidentia.org\/en\/wp-json\/wp\/v2\/comments?post=1010"}],"version-history":[{"count":0,"href":"https:\/\/www.clsprovidentia.org\/en\/wp-json\/wp\/v2\/pages\/1010\/revisions"}],"wp:attachment":[{"href":"https:\/\/www.clsprovidentia.org\/en\/wp-json\/wp\/v2\/media?parent=1010"}],"curies":[{"name":"wp","href":"https:\/\/api.w.org\/{rel}","templated":true}]}}